{"id":618,"date":"2021-02-21T23:35:07","date_gmt":"2021-02-22T05:35:07","guid":{"rendered":"https:\/\/www.singulari.com.mx\/home\/?page_id=618"},"modified":"2021-05-01T18:42:27","modified_gmt":"2021-05-01T23:42:27","slug":"reestablecer-contrasena","status":"publish","type":"page","link":"https:\/\/www.singulari.com.mx\/home\/en\/reestablecer-contrasena\/","title":{"rendered":"Reestablecer Contrase\u00f1a"},"content":{"rendered":"\n[et_pb_section fb_built=&#8221;1&#8243; fullwidth=&#8221;on&#8221; _builder_version=&#8221;4.6.6&#8243; _module_preset=&#8221;default&#8221;][et_pb_fullwidth_image src=&#8221;https:\/\/www.singulari.com.mx\/home\/wp-content\/uploads\/2020\/11\/barra-color-singulari-v2.png&#8221; title_text=&#8221;Colores Singulari&#8221; _builder_version=&#8221;4.6.6&#8243; _module_preset=&#8221;default&#8221; background_enable_image=&#8221;off&#8221; background_position=&#8221;bottom_center&#8221; background_repeat=&#8221;repeat-y&#8221; custom_margin=&#8221;0px||0px||false|false&#8221; custom_padding=&#8221;0px||0px||false|false&#8221;][\/et_pb_fullwidth_image][\/et_pb_section][et_pb_section fb_built=&#8221;1&#8243; fullwidth=&#8221;on&#8221; _builder_version=&#8221;4.7.4&#8243; _module_preset=&#8221;default&#8221; background_color=&#8221;rgba(0,0,0,0)&#8221; background_image=&#8221;https:\/\/www.singulari.com.mx\/home\/wp-content\/uploads\/2020\/11\/Encabezadov3.png&#8221; height=&#8221;200px&#8221; custom_margin=&#8221;-1px||||false|false&#8221; bottom_divider_style=&#8221;arrow2&#8243; bottom_divider_color=&#8221;#3b7abe&#8221;][et_pb_fullwidth_header title=&#8221;RESTABLECER CONTRASE\u00d1A&#8221; _builder_version=&#8221;4.7.4&#8243; _module_preset=&#8221;default&#8221; title_text_align=&#8221;center&#8221; title_font_size=&#8221;42px&#8221; background_color=&#8221;rgba(0,0,0,0)&#8221; title_text_shadow_style=&#8221;preset1&#8243;][\/et_pb_fullwidth_header][\/et_pb_section][et_pb_section fb_built=&#8221;1&#8243; admin_label=&#8221;Hero Section&#8221; _builder_version=&#8221;4.7.4&#8243; background_color=&#8221;#101535&#8243; use_background_color_gradient=&#8221;on&#8221; background_color_gradient_start=&#8221;#3b7abe&#8221; background_color_gradient_end=&#8221;rgba(61,63,199,0)&#8221; background_image=&#8221;https:\/\/www.singulari.com.mx\/home\/wp-content\/uploads\/2020\/11\/crypto_illustration_11.png&#8221; parallax=&#8221;on&#8221; custom_padding=&#8221;3vw||3vw||true|false&#8221; top_divider_style=&#8221;mountains2&#8243; top_divider_color=&#8221;rgba(255,255,255,0.07)&#8221; top_divider_height=&#8221;70%&#8221; top_divider_repeat=&#8221;0.5x&#8221; top_divider_flip=&#8221;horizontal|vertical&#8221; top_divider_height_tablet=&#8221;300px&#8221; top_divider_height_phone=&#8221;270px&#8221; top_divider_height_last_edited=&#8221;on|phone&#8221;][et_pb_row column_structure=&#8221;2_5,3_5&#8243; _builder_version=&#8221;4.7.3&#8243; background_size=&#8221;initial&#8221; background_position=&#8221;top_left&#8221; background_repeat=&#8221;repeat&#8221; animation_style=&#8221;slide&#8221; animation_direction=&#8221;right&#8221;][et_pb_column type=&#8221;2_5&#8243; _builder_version=&#8221;3.25&#8243; custom_padding=&#8221;|||&#8221; custom_padding__hover=&#8221;|||&#8221;][et_pb_image src=&#8221;https:\/\/www.singulari.com.mx\/home\/wp-content\/uploads\/2020\/11\/campaign_launch_monochromatic.png&#8221; _builder_version=&#8221;4.7.3&#8243; _module_preset=&#8221;default&#8221;][\/et_pb_image][\/et_pb_column][et_pb_column type=&#8221;3_5&#8243; _builder_version=&#8221;4.7.3&#8243; _module_preset=&#8221;default&#8221;][et_pb_code module_class=&#8221;custom-register-form&#8221; _builder_version=&#8221;4.7.4&#8243; _module_preset=&#8221;default&#8221; background_color=&#8221;rgba(231,231,231,0.6)&#8221; custom_padding=&#8221;|20px||20px|false|true&#8221; hover_enabled=&#8221;0&#8243; sticky_enabled=&#8221;0&#8243;]\n<div id=\"frm-reset-password-0\" class=\"frm_forms with_frm_style  frm_style_formidable-style\">\n\n\t<form id=\"lostpasswordform_0\" action=\"https:\/\/www.singulari.com.mx\/home\/wp-login.php?action=lostpassword\" method=\"post\" class=\"frm-show-form\">\n\n\t\t\n\t\t<div class=\"frm_form_fields\">\n\t\t\t<fieldset>\n\n\t\t\t\t<div class=\"frm_description\">\n\t\t\t\t\t<p>Por favor escribe tu nombre de usuario o correo electr\u00f3nico registrado. Recibir\u00e1s un enlace para restablecer tu contrase\u00f1a en tu correo electr\u00f3nico.<\/p>\n\t\t\t\t<\/div>\n\n\t\t\t\t<div class=\"frm_form_field form-field frm_top_container\">\n\t\t\t\t\t<label for=\"user_login_0\" class=\"frm_primary_label\">Username or Email Address\t\t\t\t\t\t<span class=\"frm_required\">*<\/span>\n\t\t\t\t\t<\/label>\n\t\t\t\t\t<input type=\"text\" id=\"user_login_0\" name=\"user_login\">\n\t\t\t\t<\/div>\n\n\t\t\t\t<input type=\"hidden\" name=\"g-recaptcha-response\" class=\"agr-recaptcha-response\" value=\"\" \/><script>\r\n                (function() {\r\n                    var siteKey = \"6Lfp6fwpAAAAAPv-utrNk3iVyS9a2Bd3I1KHbgqx\";\r\n                    var refreshTimer = null;\r\n\r\n                    function wpcaptchaSetToken(token) {\r\n                        document.querySelectorAll(\".agr-recaptcha-response\").forEach(function(field) {\r\n                            field.value = token;\r\n                            field.setAttribute(\"data-token-time\", Date.now());\r\n                        });\r\n                    }\r\n\r\n                    function wpcaptchaRefreshToken(callback) {\r\n                        if (typeof grecaptcha === \"undefined\") {\r\n                            if (callback) callback(false);\r\n                            return;\r\n                        }\r\n\r\n                        grecaptcha.ready(function() {\r\n                            grecaptcha.execute(siteKey, { action: \"submit\" }).then(function(token) {\r\n                                wpcaptchaSetToken(token);\r\n                                if (callback) callback(true);\r\n                            });\r\n                        });\r\n                    }\r\n\r\n                    function wpcaptchaStartAutoRefresh() {\r\n                        clearInterval(refreshTimer);\r\n\r\n                        wpcaptchaRefreshToken();\r\n\r\n                        refreshTimer = setInterval(function() {\r\n                            wpcaptchaRefreshToken();\r\n                        }, 90000);\r\n                    }\r\n\r\n                    document.addEventListener(\"submit\", function(e) {\r\n                        var form = e.target;\r\n                        var field = form.querySelector(\".agr-recaptcha-response\");\r\n\r\n                        if (!field) return;\r\n\r\n                        var tokenTime = parseInt(field.getAttribute(\"data-token-time\") || \"0\", 10);\r\n                        var age = Date.now() - tokenTime;\r\n\r\n                        if (field.value && age < 90000) {\r\n                            return;\r\n                        }\r\n\r\n                        e.preventDefault();\r\n\r\n                        wpcaptchaRefreshToken(function(success) {\r\n                            if (success) {\r\n                                form.submit();\r\n                            }\r\n                        });\r\n                    }, true);\r\n\r\n                    window.wpcaptchaRefreshToken = wpcaptchaRefreshToken;\r\n\r\n                    if (document.readyState === \"loading\") {\r\n                        document.addEventListener(\"DOMContentLoaded\", wpcaptchaStartAutoRefresh);\r\n                    } else {\r\n                        wpcaptchaStartAutoRefresh();\r\n                    }\r\n                })();\r\n                <\/script>\n\t\t\t\t<div class=\"frm_submit\">\n\t\t\t\t\t<input value=\"Enviar correo de restablecimiento\" type=\"submit\">\n\t\t\t\t<\/div>\n\n\t\t\t<\/fieldset>\n\t\t<\/div>\n\t<\/form>\n<\/div>[\/et_pb_code][et_pb_code _builder_version=&#8221;4.7.4&#8243; _module_preset=&#8221;default&#8221;][\/et_pb_code][\/et_pb_column][\/et_pb_row][\/et_pb_section][et_pb_section fb_built=&#8221;1&#8243; fullwidth=&#8221;on&#8221; _builder_version=&#8221;4.7.3&#8243; _module_preset=&#8221;default&#8221; bottom_divider_style=&#8221;triangle&#8221; bottom_divider_color=&#8221;#222222&#8243; bottom_divider_height=&#8221;61px&#8221;][et_pb_fullwidth_header title=&#8221;\u00bfTienes un problema y necesitas ayuda para resolverlo?&#8221; text_orientation=&#8221;center&#8221; button_one_text=&#8221;COMIENZA AQU\u00cd&#8221; _builder_version=&#8221;4.6.6&#8243; _module_preset=&#8221;default&#8221; use_background_color_gradient=&#8221;on&#8221; background_color_gradient_start=&#8221;#3b7abe&#8221; background_color_gradient_end=&#8221;#8152a1&#8243; background_color_gradient_direction=&#8221;90deg&#8221; background_color_gradient_overlays_image=&#8221;on&#8221; background_enable_image=&#8221;off&#8221; background_blend=&#8221;color&#8221; custom_button_one=&#8221;on&#8221; button_one_bg_color=&#8221;#189e78&#8243; button_one_border_color=&#8221;rgba(0,0,0,0)&#8221; button_one_border_radius=&#8221;2px&#8221;][\/et_pb_fullwidth_header][\/et_pb_section]\n","protected":false},"excerpt":{"rendered":"<div id=\"frm-reset-password-1\" class=\"frm_forms with_frm_style  frm_style_formidable-style\">\n\n\t<form id=\"lostpasswordform_1\" action=\"https:\/\/www.singulari.com.mx\/home\/wp-login.php?action=lostpassword\" method=\"post\" class=\"frm-show-form\">\n\n\t\t\n\t\t<div class=\"frm_form_fields\">\n\t\t\t<fieldset>\n\n\t\t\t\t<div class=\"frm_description\">\n\t\t\t\t\t<p>Por favor escribe tu nombre de usuario o correo electr\u00f3nico registrado. Recibir\u00e1s un enlace para restablecer tu contrase\u00f1a en tu correo electr\u00f3nico.<\/p>\n\t\t\t\t<\/div>\n\n\t\t\t\t<div class=\"frm_form_field form-field frm_top_container\">\n\t\t\t\t\t<label for=\"user_login_1\" class=\"frm_primary_label\">Username or Email Address\t\t\t\t\t\t<span class=\"frm_required\">*<\/span>\n\t\t\t\t\t<\/label>\n\t\t\t\t\t<input type=\"text\" id=\"user_login_1\" name=\"user_login\">\n\t\t\t\t<\/div>\n\n\t\t\t\t<input type=\"hidden\" name=\"g-recaptcha-response\" class=\"agr-recaptcha-response\" value=\"\" \/><script>\r\n                (function() {\r\n                    var siteKey = \"6Lfp6fwpAAAAAPv-utrNk3iVyS9a2Bd3I1KHbgqx\";\r\n                    var refreshTimer = null;\r\n\r\n                    function wpcaptchaSetToken(token) {\r\n                        document.querySelectorAll(\".agr-recaptcha-response\").forEach(function(field) {\r\n                            field.value = token;\r\n                            field.setAttribute(\"data-token-time\", Date.now());\r\n                        });\r\n                    }\r\n\r\n                    function wpcaptchaRefreshToken(callback) {\r\n                        if (typeof grecaptcha === \"undefined\") {\r\n                            if (callback) callback(false);\r\n                            return;\r\n                        }\r\n\r\n                        grecaptcha.ready(function() {\r\n                            grecaptcha.execute(siteKey, { action: \"submit\" }).then(function(token) {\r\n                                wpcaptchaSetToken(token);\r\n                                if (callback) callback(true);\r\n                            });\r\n                        });\r\n                    }\r\n\r\n                    function wpcaptchaStartAutoRefresh() {\r\n                        clearInterval(refreshTimer);\r\n\r\n                        wpcaptchaRefreshToken();\r\n\r\n                        refreshTimer = setInterval(function() {\r\n                            wpcaptchaRefreshToken();\r\n                        }, 90000);\r\n                    }\r\n\r\n                    document.addEventListener(\"submit\", function(e) {\r\n                        var form = e.target;\r\n                        var field = form.querySelector(\".agr-recaptcha-response\");\r\n\r\n                        if (!field) return;\r\n\r\n                        var tokenTime = parseInt(field.getAttribute(\"data-token-time\") || \"0\", 10);\r\n                        var age = Date.now() - tokenTime;\r\n\r\n                        if (field.value && age < 90000) {\r\n                            return;\r\n                        }\r\n\r\n                        e.preventDefault();\r\n\r\n                        wpcaptchaRefreshToken(function(success) {\r\n                            if (success) {\r\n                                form.submit();\r\n                            }\r\n                        });\r\n                    }, true);\r\n\r\n                    window.wpcaptchaRefreshToken = wpcaptchaRefreshToken;\r\n\r\n                    if (document.readyState === \"loading\") {\r\n                        document.addEventListener(\"DOMContentLoaded\", wpcaptchaStartAutoRefresh);\r\n                    } else {\r\n                        wpcaptchaStartAutoRefresh();\r\n                    }\r\n                })();\r\n                <\/script>\n\t\t\t\t<div class=\"frm_submit\">\n\t\t\t\t\t<input value=\"Enviar correo de restablecimiento\" type=\"submit\">\n\t\t\t\t<\/div>\n\n\t\t\t<\/fieldset>\n\t\t<\/div>\n\t<\/form>\n<\/div>","protected":false},"author":1,"featured_media":0,"parent":0,"menu_order":0,"comment_status":"closed","ping_status":"closed","template":"","meta":{"_et_pb_use_builder":"on","_et_pb_old_content":"","_et_gb_content_width":"","_monsterinsights_skip_tracking":false,"_monsterinsights_sitenote_active":false,"_monsterinsights_sitenote_note":"","_monsterinsights_sitenote_category":0,"footnotes":""},"class_list":["post-618","page","type-page","status-publish","hentry"],"_links":{"self":[{"href":"https:\/\/www.singulari.com.mx\/home\/en\/wp-json\/wp\/v2\/pages\/618","targetHints":{"allow":["GET"]}}],"collection":[{"href":"https:\/\/www.singulari.com.mx\/home\/en\/wp-json\/wp\/v2\/pages"}],"about":[{"href":"https:\/\/www.singulari.com.mx\/home\/en\/wp-json\/wp\/v2\/types\/page"}],"author":[{"embeddable":true,"href":"https:\/\/www.singulari.com.mx\/home\/en\/wp-json\/wp\/v2\/users\/1"}],"replies":[{"embeddable":true,"href":"https:\/\/www.singulari.com.mx\/home\/en\/wp-json\/wp\/v2\/comments?post=618"}],"version-history":[{"count":4,"href":"https:\/\/www.singulari.com.mx\/home\/en\/wp-json\/wp\/v2\/pages\/618\/revisions"}],"predecessor-version":[{"id":839,"href":"https:\/\/www.singulari.com.mx\/home\/en\/wp-json\/wp\/v2\/pages\/618\/revisions\/839"}],"wp:attachment":[{"href":"https:\/\/www.singulari.com.mx\/home\/en\/wp-json\/wp\/v2\/media?parent=618"}],"curies":[{"name":"wp","href":"https:\/\/api.w.org\/{rel}","templated":true}]}}